{"id":283,"date":"2020-04-16T15:11:35","date_gmt":"2020-04-16T15:11:35","guid":{"rendered":"http:\/\/localhost\/equipo\/"},"modified":"2020-05-26T09:48:49","modified_gmt":"2020-05-26T09:48:49","slug":"equipo","status":"publish","type":"page","link":"https:\/\/www.catering-hogo.com\/fr\/equipo\/","title":{"rendered":"Qui\u00e9nes somos"},"content":{"rendered":"\n<div class=\"wp-block-columns equipo-bloque-1\">\n<div class=\"wp-block-column equipo-bloque-1-left\">\n<figure class=\"wp-block-image size-large\"><img loading=\"lazy\" width=\"960\" height=\"656\" src=\"http:\/\/localhost\/wp-content\/uploads\/2020\/05\/equipo.png\" alt=\"\" class=\"wp-image-454\" srcset=\"https:\/\/www.catering-hogo.com\/wp-content\/uploads\/2020\/05\/equipo.png 960w, https:\/\/www.catering-hogo.com\/wp-content\/uploads\/2020\/05\/equipo-300x205.png 300w, https:\/\/www.catering-hogo.com\/wp-content\/uploads\/2020\/05\/equipo-768x525.png 768w\" sizes=\"(max-width: 960px) 100vw, 960px\" \/><\/figure>\n<\/div>\n\n\n\n<div class=\"wp-block-column equipo-bloque-1-right\">\n<h3>Qui\u00e9nes somos<\/h3>\n\n\n\n<p class=\"equipo-bloque-1-right-text-1\">El equipo de trabajo que forma Yandiola ha ido evolucionando y cambiando para intentar dar respuesta a todas las necesidades que puedan exigir nuestros clientes. Gracias a ellos crecemos y aprendemos d\u00eda a d\u00eda.<\/p>\n\n\n\n<p class=\"equipo-bloque-1-right-text-2\">Desde el departamento de eventos formado por Raquel L\u00f3pez, Lorea y Mertxe , pasando por sala con la maitre Carolina Herrera, hasta nuestro jefe de cocina Javier Iturriaga<\/p>\n\n\n\n<p><\/p>\n<\/div>\n<\/div>\n\n\n\n<div class=\"wp-block-columns equipo-bloque-2\">\n<div class=\"wp-block-column equipo-bloque-2-left\">\n<h3>C\u00f3mo trabajamos<\/h3>\n\n\n\n<p>El equipo de trabajo que forma Yandiola ha ido evolucionando y cambiando para intentar dar respuesta a todas las necesidades que puedan exigir nuestros clientes. Gracias a ellos crecemos y aprendemos d\u00eda a d\u00eda.<\/p>\n\n\n\n<p>Desde el departamento de eventos formado por Raquel L\u00f3pez, Lorea y Mertxe , pasando por sala con la maitre Carolina Herrera, hasta nuestro jefe de cocina Javier Iturriaga.<\/p>\n<\/div>\n\n\n\n<div class=\"wp-block-column equipo-bloque-2-right\">\n<figure class=\"wp-block-image size-large\"><img loading=\"lazy\" width=\"960\" height=\"543\" src=\"http:\/\/localhost\/wp-content\/uploads\/2020\/05\/equipo-2.png\" alt=\"\" class=\"wp-image-457\" srcset=\"https:\/\/www.catering-hogo.com\/wp-content\/uploads\/2020\/05\/equipo-2.png 960w, https:\/\/www.catering-hogo.com\/wp-content\/uploads\/2020\/05\/equipo-2-300x170.png 300w, https:\/\/www.catering-hogo.com\/wp-content\/uploads\/2020\/05\/equipo-2-768x434.png 768w\" sizes=\"(max-width: 960px) 100vw, 960px\" \/><\/figure>\n<\/div>\n<\/div>\n","protected":false},"excerpt":{"rendered":"<p>Qui\u00e9nes somos El equipo de trabajo que forma Yandiola ha ido evolucionando y cambiando para intentar dar respuesta a todas las necesidades que puedan exigir nuestros clientes. Gracias a ellos crecemos y aprendemos d\u00eda a d\u00eda. Desde el departamento de eventos formado por Raquel L\u00f3pez, Lorea y Mertxe , pasando por sala con la maitre [&hellip;]<\/p>\n","protected":false},"author":1,"featured_media":0,"parent":0,"menu_order":0,"comment_status":"closed","ping_status":"closed","template":"","meta":[],"_links":{"self":[{"href":"https:\/\/www.catering-hogo.com\/fr\/wp-json\/wp\/v2\/pages\/283"}],"collection":[{"href":"https:\/\/www.catering-hogo.com\/fr\/wp-json\/wp\/v2\/pages"}],"about":[{"href":"https:\/\/www.catering-hogo.com\/fr\/wp-json\/wp\/v2\/types\/page"}],"author":[{"embeddable":true,"href":"https:\/\/www.catering-hogo.com\/fr\/wp-json\/wp\/v2\/users\/1"}],"replies":[{"embeddable":true,"href":"https:\/\/www.catering-hogo.com\/fr\/wp-json\/wp\/v2\/comments?post=283"}],"version-history":[{"count":3,"href":"https:\/\/www.catering-hogo.com\/fr\/wp-json\/wp\/v2\/pages\/283\/revisions"}],"predecessor-version":[{"id":582,"href":"https:\/\/www.catering-hogo.com\/fr\/wp-json\/wp\/v2\/pages\/283\/revisions\/582"}],"wp:attachment":[{"href":"https:\/\/www.catering-hogo.com\/fr\/wp-json\/wp\/v2\/media?parent=283"}],"curies":[{"name":"wp","href":"https:\/\/api.w.org\/{rel}","templated":true}]}}